{"id":173,"date":"2025-04-13T19:22:40","date_gmt":"2025-04-13T17:22:40","guid":{"rendered":"https:\/\/lucas-scherpereel.com\/?page_id=173"},"modified":"2025-11-04T03:50:51","modified_gmt":"2025-11-04T02:50:51","slug":"faq","status":"publish","type":"page","link":"https:\/\/lucas-scherpereel.com\/en\/faq","title":{"rendered":"FAQ"},"content":{"rendered":"<section class=\"bde-section-173-104 bde-section\">\n  \n  \n\t\n\n\n\n<div class=\"section-container\"><h1 class=\"bde-heading-173-102 bde-heading\">\nFAQ\n<\/h1><\/div>\n<\/section><section class=\"bde-section-173-100 bde-section\">\n  \n  \n\t\n\n\n\n<div class=\"section-container\"><div class=\"bde-rich-text-173-120 bde-rich-text breakdance-rich-text-styles\">\n<h2>Frequently asked questions about spiritual healing<\/h2>\n<p>Spiritual healing often raises questions - from the methods and effects to personal experiences. On this page you will find answers to the most common questions people ask about spiritual healing. The aim is to give you clarity and confidence so that you can go your own way well informed.<\/p>\n<\/div><div class=\"bde-frequently-asked-questions-173-103 bde-frequently-asked-questions\">\n      <div class=\"bde-faq__item\">\n      <h3 class=\"bde-faq__title-tag\">\n       <button id=\"bde-faq-103-button-1\" aria-expanded=\"false\" aria-controls=\"bde-faq-103-1\" class=\"bde-faq__question js-faq-item\">\n          <span class=\"bde-faq__title\">What is spiritual healing?<\/span>\n                           <div aria-hidden=\"true\" class=\"bde-faq__icon bde-faq__icon--inactive\">\n                                <svg xmlns=\"http:\/\/www.w3.org\/2000\/svg\" viewbox=\"0 0 32 32\">\r\n<path d=\"M31 12h-11v-11c0-0.552-0.448-1-1-1h-6c-0.552 0-1 0.448-1 1v11h-11c-0.552 0-1 0.448-1 1v6c0 0.552 0.448 1 1 1h11v11c0 0.552 0.448 1 1 1h6c0.552 0 1-0.448 1-1v-11h11c0.552 0 1-0.448 1-1v-6c0-0.552-0.448-1-1-1z\"\/>\r\n<\/svg>\n                            <\/div>\n         \t  <div aria-hidden=\"true\" class=\"bde-faq__icon bde-faq__icon--active\">\n                                <svg xmlns=\"http:\/\/www.w3.org\/2000\/svg\" viewbox=\"0 0 448 512\"><!-- Font Awesome Free 5.15.1 by @fontawesome - https:\/\/fontawesome.com License - https:\/\/fontawesome.com\/license\/free (Icons: CC BY 4.0, Fonts: SIL OFL 1.1, Code: MIT License) --><path d=\"M416 208H32c-17.67 0-32 14.33-32 32v32c0 17.67 14.33 32 32 32h384c17.67 0 32-14.33 32-32v-32c0-17.67-14.33-32-32-32z\"\/><\/svg>\n                            <\/div>\n                  <\/button>\n      <\/h3>\n      <div role=\"region\" aria-labelledby=\"bde-faq-103-button-1\" id=\"bde-faq-103-1\" class=\"bde-faq__answer\">\n        <div class=\"bde-faq__answer-content\">\n            <div class=\"breakdance-rich-text-styles\"><p>Spiritual healing is a form of energetic work in which healing impulses work on a psychological and spiritual level. It does not replace medical treatment, but can complement it.<\/p><\/div>\n\n                    <\/div>\n      <\/div>\n    <\/div>\n      <div class=\"bde-faq__item\">\n      <h3 class=\"bde-faq__title-tag\">\n       <button id=\"bde-faq-103-button-2\" aria-expanded=\"false\" aria-controls=\"bde-faq-103-2\" class=\"bde-faq__question js-faq-item\">\n          <span class=\"bde-faq__title\">What is distance healing and how does it work?<\/span>\n                           <div aria-hidden=\"true\" class=\"bde-faq__icon bde-faq__icon--inactive\">\n                                <svg xmlns=\"http:\/\/www.w3.org\/2000\/svg\" viewbox=\"0 0 32 32\">\r\n<path d=\"M31 12h-11v-11c0-0.552-0.448-1-1-1h-6c-0.552 0-1 0.448-1 1v11h-11c-0.552 0-1 0.448-1 1v6c0 0.552 0.448 1 1 1h11v11c0 0.552 0.448 1 1 1h6c0.552 0 1-0.448 1-1v-11h11c0.552 0 1-0.448 1-1v-6c0-0.552-0.448-1-1-1z\"\/>\r\n<\/svg>\n                            <\/div>\n         \t  <div aria-hidden=\"true\" class=\"bde-faq__icon bde-faq__icon--active\">\n                                <svg xmlns=\"http:\/\/www.w3.org\/2000\/svg\" viewbox=\"0 0 448 512\"><!-- Font Awesome Free 5.15.1 by @fontawesome - https:\/\/fontawesome.com License - https:\/\/fontawesome.com\/license\/free (Icons: CC BY 4.0, Fonts: SIL OFL 1.1, Code: MIT License) --><path d=\"M416 208H32c-17.67 0-32 14.33-32 32v32c0 17.67 14.33 32 32 32h384c17.67 0 32-14.33 32-32v-32c0-17.67-14.33-32-32-32z\"\/><\/svg>\n                            <\/div>\n                  <\/button>\n      <\/h3>\n      <div role=\"region\" aria-labelledby=\"bde-faq-103-button-2\" id=\"bde-faq-103-2\" class=\"bde-faq__answer\">\n        <div class=\"bde-faq__answer-content\">\n            <div class=\"breakdance-rich-text-styles\"><p>Distance healing is the transmission of healing impulses over physical distance.<br data-start=\"306\" data-end=\"309\" \/>The spiritual healer connects spiritually with the person's energy field - regardless of where they are. In this way, impulses for healing or clarification can be transmitted.<br data-start=\"421\" data-end=\"424\" \/>This work is done in silence, without technique, but with deep concentration and inner guidance.<br data-start=\"522\" data-end=\"525\" \/>Many people experience a feeling of lightness, inner clarity or emotional relief after the remote healing.<\/p><\/div>\n\n                    <\/div>\n      <\/div>\n    <\/div>\n      <div class=\"bde-faq__item\">\n      <h3 class=\"bde-faq__title-tag\">\n       <button id=\"bde-faq-103-button-3\" aria-expanded=\"false\" aria-controls=\"bde-faq-103-3\" class=\"bde-faq__question js-faq-item\">\n          <span class=\"bde-faq__title\">Is it possible to heal from a distance?<\/span>\n                           <div aria-hidden=\"true\" class=\"bde-faq__icon bde-faq__icon--inactive\">\n                                <svg xmlns=\"http:\/\/www.w3.org\/2000\/svg\" viewbox=\"0 0 32 32\">\r\n<path d=\"M31 12h-11v-11c0-0.552-0.448-1-1-1h-6c-0.552 0-1 0.448-1 1v11h-11c-0.552 0-1 0.448-1 1v6c0 0.552 0.448 1 1 1h11v11c0 0.552 0.448 1 1 1h6c0.552 0 1-0.448 1-1v-11h11c0.552 0 1-0.448 1-1v-6c0-0.552-0.448-1-1-1z\"\/>\r\n<\/svg>\n                            <\/div>\n         \t  <div aria-hidden=\"true\" class=\"bde-faq__icon bde-faq__icon--active\">\n                                <svg xmlns=\"http:\/\/www.w3.org\/2000\/svg\" viewbox=\"0 0 448 512\"><!-- Font Awesome Free 5.15.1 by @fontawesome - https:\/\/fontawesome.com License - https:\/\/fontawesome.com\/license\/free (Icons: CC BY 4.0, Fonts: SIL OFL 1.1, Code: MIT License) --><path d=\"M416 208H32c-17.67 0-32 14.33-32 32v32c0 17.67 14.33 32 32 32h384c17.67 0 32-14.33 32-32v-32c0-17.67-14.33-32-32-32z\"\/><\/svg>\n                            <\/div>\n                  <\/button>\n      <\/h3>\n      <div role=\"region\" aria-labelledby=\"bde-faq-103-button-3\" id=\"bde-faq-103-3\" class=\"bde-faq__answer\">\n        <div class=\"bde-faq__answer-content\">\n            <div class=\"breakdance-rich-text-styles\"><p data-start=\"688\" data-end=\"1088\">Yes - spiritual healing is not bound to closeness or physical contact.<br data-start=\"756\" data-end=\"759\" \/>The spiritual healer establishes an energetic connection on a subtle level, beyond space and time.<br data-start=\"856\" data-end=\"859\" \/>Many report that they have even experienced physical sensations, dreams or deep calm during or after a session.<br data-start=\"985\" data-end=\"988\" \/>The decisive factor is not the location - but the openness and trust in the spiritual connection.<\/p><\/div>\n\n                    <\/div>\n      <\/div>\n    <\/div>\n      <div class=\"bde-faq__item\">\n      <h3 class=\"bde-faq__title-tag\">\n       <button id=\"bde-faq-103-button-4\" aria-expanded=\"false\" aria-controls=\"bde-faq-103-4\" class=\"bde-faq__question js-faq-item\">\n          <span class=\"bde-faq__title\">How can I sense whether I am energetically burdened?<\/span>\n                           <div aria-hidden=\"true\" class=\"bde-faq__icon bde-faq__icon--inactive\">\n                                <svg xmlns=\"http:\/\/www.w3.org\/2000\/svg\" viewbox=\"0 0 32 32\">\r\n<path d=\"M31 12h-11v-11c0-0.552-0.448-1-1-1h-6c-0.552 0-1 0.448-1 1v11h-11c-0.552 0-1 0.448-1 1v6c0 0.552 0.448 1 1 1h11v11c0 0.552 0.448 1 1 1h6c0.552 0 1-0.448 1-1v-11h11c0.552 0 1-0.448 1-1v-6c0-0.552-0.448-1-1-1z\"\/>\r\n<\/svg>\n                            <\/div>\n         \t  <div aria-hidden=\"true\" class=\"bde-faq__icon bde-faq__icon--active\">\n                                <svg xmlns=\"http:\/\/www.w3.org\/2000\/svg\" viewbox=\"0 0 448 512\"><!-- Font Awesome Free 5.15.1 by @fontawesome - https:\/\/fontawesome.com License - https:\/\/fontawesome.com\/license\/free (Icons: CC BY 4.0, Fonts: SIL OFL 1.1, Code: MIT License) --><path d=\"M416 208H32c-17.67 0-32 14.33-32 32v32c0 17.67 14.33 32 32 32h384c17.67 0 32-14.33 32-32v-32c0-17.67-14.33-32-32-32z\"\/><\/svg>\n                            <\/div>\n                  <\/button>\n      <\/h3>\n      <div role=\"region\" aria-labelledby=\"bde-faq-103-button-4\" id=\"bde-faq-103-4\" class=\"bde-faq__answer\">\n        <div class=\"bde-faq__answer-content\">\n            <div class=\"breakdance-rich-text-styles\"><p>Energetic stress often manifests itself subtly:<br data-start=\"1203\" data-end=\"1206\" \/>Sudden tiredness, inner restlessness, the feeling of \"not being with yourself\", nightmares or inexplicable fears.<br data-start=\"1316\" data-end=\"1319\" \/>Some also feel pressure in their head or heart, despite being medically normal.<br data-start=\"1402\" data-end=\"1405\" \/>If you have the feeling that something is \"clinging to you\" or you feel blocked, it is worth taking an energetic look.<\/p><\/div>\n\n                    <\/div>\n      <\/div>\n    <\/div>\n      <div class=\"bde-faq__item\">\n      <h3 class=\"bde-faq__title-tag\">\n       <button id=\"bde-faq-103-button-5\" aria-expanded=\"false\" aria-controls=\"bde-faq-103-5\" class=\"bde-faq__question js-faq-item\">\n          <span class=\"bde-faq__title\">Does spiritual healing also help with psychological problems?<\/span>\n                           <div aria-hidden=\"true\" class=\"bde-faq__icon bde-faq__icon--inactive\">\n                                <svg xmlns=\"http:\/\/www.w3.org\/2000\/svg\" viewbox=\"0 0 32 32\">\r\n<path d=\"M31 12h-11v-11c0-0.552-0.448-1-1-1h-6c-0.552 0-1 0.448-1 1v11h-11c-0.552 0-1 0.448-1 1v6c0 0.552 0.448 1 1 1h11v11c0 0.552 0.448 1 1 1h6c0.552 0 1-0.448 1-1v-11h11c0.552 0 1-0.448 1-1v-6c0-0.552-0.448-1-1-1z\"\/>\r\n<\/svg>\n                            <\/div>\n         \t  <div aria-hidden=\"true\" class=\"bde-faq__icon bde-faq__icon--active\">\n                                <svg xmlns=\"http:\/\/www.w3.org\/2000\/svg\" viewbox=\"0 0 448 512\"><!-- Font Awesome Free 5.15.1 by @fontawesome - https:\/\/fontawesome.com License - https:\/\/fontawesome.com\/license\/free (Icons: CC BY 4.0, Fonts: SIL OFL 1.1, Code: MIT License) --><path d=\"M416 208H32c-17.67 0-32 14.33-32 32v32c0 17.67 14.33 32 32 32h384c17.67 0 32-14.33 32-32v-32c0-17.67-14.33-32-32-32z\"\/><\/svg>\n                            <\/div>\n                  <\/button>\n      <\/h3>\n      <div role=\"region\" aria-labelledby=\"bde-faq-103-button-5\" id=\"bde-faq-103-5\" class=\"bde-faq__answer\">\n        <div class=\"bde-faq__answer-content\">\n            <div class=\"breakdance-rich-text-styles\"><p>Spiritual healing does not replace therapy - but it can be effective where the soul needs new impulses.<br data-start=\"1711\" data-end=\"1714\" \/>Lucas accompanies people with depression, anxiety or inner emptiness that could not be resolved on a traditional level.<br data-start=\"1845\" data-end=\"1848\" \/>Healing does not happen through words, but through a spiritual space in which something can be reorganised.<\/p><\/div>\n\n                    <\/div>\n      <\/div>\n    <\/div>\n      <div class=\"bde-faq__item\">\n      <h3 class=\"bde-faq__title-tag\">\n       <button id=\"bde-faq-103-button-6\" aria-expanded=\"false\" aria-controls=\"bde-faq-103-6\" class=\"bde-faq__question js-faq-item\">\n          <span class=\"bde-faq__title\">What can I do if I suspect black magic?<\/span>\n                           <div aria-hidden=\"true\" class=\"bde-faq__icon bde-faq__icon--inactive\">\n                                <svg xmlns=\"http:\/\/www.w3.org\/2000\/svg\" viewbox=\"0 0 32 32\">\r\n<path d=\"M31 12h-11v-11c0-0.552-0.448-1-1-1h-6c-0.552 0-1 0.448-1 1v11h-11c-0.552 0-1 0.448-1 1v6c0 0.552 0.448 1 1 1h11v11c0 0.552 0.448 1 1 1h6c0.552 0 1-0.448 1-1v-11h11c0.552 0 1-0.448 1-1v-6c0-0.552-0.448-1-1-1z\"\/>\r\n<\/svg>\n                            <\/div>\n         \t  <div aria-hidden=\"true\" class=\"bde-faq__icon bde-faq__icon--active\">\n                                <svg xmlns=\"http:\/\/www.w3.org\/2000\/svg\" viewbox=\"0 0 448 512\"><!-- Font Awesome Free 5.15.1 by @fontawesome - https:\/\/fontawesome.com License - https:\/\/fontawesome.com\/license\/free (Icons: CC BY 4.0, Fonts: SIL OFL 1.1, Code: MIT License) --><path d=\"M416 208H32c-17.67 0-32 14.33-32 32v32c0 17.67 14.33 32 32 32h384c17.67 0 32-14.33 32-32v-32c0-17.67-14.33-32-32-32z\"\/><\/svg>\n                            <\/div>\n                  <\/button>\n      <\/h3>\n      <div role=\"region\" aria-labelledby=\"bde-faq-103-button-6\" id=\"bde-faq-103-6\" class=\"bde-faq__answer\">\n        <div class=\"bde-faq__answer-content\">\n            <div class=\"breakdance-rich-text-styles\"><p>If you have the feeling that you are under negative influence, it is worth clearing your mind.<br data-start=\"2137\" data-end=\"2140\" \/>Lucas has deep experience with energetic foreign influences, dark magic and its dissolution.<br data-start=\"2235\" data-end=\"2238\" \/>The important thing is that you are not at the mercy of this. There are ways of cleansing, protecting and reconnecting with your own power through spiritual healing.<\/p><\/div>\n\n                    <\/div>\n      <\/div>\n    <\/div>\n      <div class=\"bde-faq__item\">\n      <h3 class=\"bde-faq__title-tag\">\n       <button id=\"bde-faq-103-button-7\" aria-expanded=\"false\" aria-controls=\"bde-faq-103-7\" class=\"bde-faq__question js-faq-item\">\n          <span class=\"bde-faq__title\">What does a spiritual healer cost?<\/span>\n                           <div aria-hidden=\"true\" class=\"bde-faq__icon bde-faq__icon--inactive\">\n                                <svg xmlns=\"http:\/\/www.w3.org\/2000\/svg\" viewbox=\"0 0 32 32\">\r\n<path d=\"M31 12h-11v-11c0-0.552-0.448-1-1-1h-6c-0.552 0-1 0.448-1 1v11h-11c-0.552 0-1 0.448-1 1v6c0 0.552 0.448 1 1 1h11v11c0 0.552 0.448 1 1 1h6c0.552 0 1-0.448 1-1v-11h11c0.552 0 1-0.448 1-1v-6c0-0.552-0.448-1-1-1z\"\/>\r\n<\/svg>\n                            <\/div>\n         \t  <div aria-hidden=\"true\" class=\"bde-faq__icon bde-faq__icon--active\">\n                                <svg xmlns=\"http:\/\/www.w3.org\/2000\/svg\" viewbox=\"0 0 448 512\"><!-- Font Awesome Free 5.15.1 by @fontawesome - https:\/\/fontawesome.com License - https:\/\/fontawesome.com\/license\/free (Icons: CC BY 4.0, Fonts: SIL OFL 1.1, Code: MIT License) --><path d=\"M416 208H32c-17.67 0-32 14.33-32 32v32c0 17.67 14.33 32 32 32h384c17.67 0 32-14.33 32-32v-32c0-17.67-14.33-32-32-32z\"\/><\/svg>\n                            <\/div>\n                  <\/button>\n      <\/h3>\n      <div role=\"region\" aria-labelledby=\"bde-faq-103-button-7\" id=\"bde-faq-103-7\" class=\"bde-faq__answer\">\n        <div class=\"bde-faq__answer-content\">\n            <div class=\"breakdance-rich-text-styles\"><p>Do not be afraid: <br \/>The spiritual healer's fee is affordable - and anyway inexpensive considering the help you receive.<br \/>Help and healing, coaching and other services are available by prior arrangement.<br \/>An analysis costs from \u20ac150, depending on the work involved, and can be more in some cases. <br \/>All services are invoiced plus statutory VAT.<\/p><\/div>\n\n                    <\/div>\n      <\/div>\n    <\/div>\n      <div class=\"bde-faq__item\">\n      <h3 class=\"bde-faq__title-tag\">\n       <button id=\"bde-faq-103-button-8\" aria-expanded=\"false\" aria-controls=\"bde-faq-103-8\" class=\"bde-faq__question js-faq-item\">\n          <span class=\"bde-faq__title\">Does spiritual healing replace a visit to the doctor?<\/span>\n                           <div aria-hidden=\"true\" class=\"bde-faq__icon bde-faq__icon--inactive\">\n                                <svg xmlns=\"http:\/\/www.w3.org\/2000\/svg\" viewbox=\"0 0 32 32\">\r\n<path d=\"M31 12h-11v-11c0-0.552-0.448-1-1-1h-6c-0.552 0-1 0.448-1 1v11h-11c-0.552 0-1 0.448-1 1v6c0 0.552 0.448 1 1 1h11v11c0 0.552 0.448 1 1 1h6c0.552 0 1-0.448 1-1v-11h11c0.552 0 1-0.448 1-1v-6c0-0.552-0.448-1-1-1z\"\/>\r\n<\/svg>\n                            <\/div>\n         \t  <div aria-hidden=\"true\" class=\"bde-faq__icon bde-faq__icon--active\">\n                                <svg xmlns=\"http:\/\/www.w3.org\/2000\/svg\" viewbox=\"0 0 448 512\"><!-- Font Awesome Free 5.15.1 by @fontawesome - https:\/\/fontawesome.com License - https:\/\/fontawesome.com\/license\/free (Icons: CC BY 4.0, Fonts: SIL OFL 1.1, Code: MIT License) --><path d=\"M416 208H32c-17.67 0-32 14.33-32 32v32c0 17.67 14.33 32 32 32h384c17.67 0 32-14.33 32-32v-32c0-17.67-14.33-32-32-32z\"\/><\/svg>\n                            <\/div>\n                  <\/button>\n      <\/h3>\n      <div role=\"region\" aria-labelledby=\"bde-faq-103-button-8\" id=\"bde-faq-103-8\" class=\"bde-faq__answer\">\n        <div class=\"bde-faq__answer-content\">\n            <div class=\"breakdance-rich-text-styles\"><p>No. Spiritual healing is understood as <strong>Supplement to conventional medicine<\/strong>, not as a substitute. A doctor or therapist should always be consulted in the event of health problems.<\/p><\/div>\n\n                    <\/div>\n      <\/div>\n    <\/div>\n  \n<\/div><\/div>\n<\/section>","protected":false},"excerpt":{"rendered":"<p>FAQ H\u00e4ufige Fragen zur Geistheilung Geistheilung wirft oft Fragen auf \u2013 von den Methoden \u00fcber die Wirkung bis hin zu pers\u00f6nlichen Erfahrungen. Auf dieser Seite finden Sie Antworten auf die h\u00e4ufigsten Fragen, die Menschen zu Geistheilung stellen. Ziel ist es, Ihnen Klarheit und Vertrauen zu geben, damit Sie gut informiert Ihren eigenen Weg gehen k\u00f6nnen. [&hellip;]<\/p>\n","protected":false},"author":1,"featured_media":0,"parent":0,"menu_order":8,"comment_status":"closed","ping_status":"closed","template":"","meta":{"iawp_total_views":1104,"_breakdance_hide_in_design_set":false,"_breakdance_tags":"","_joinchat":[],"footnotes":""},"class_list":["post-173","page","type-page","status-publish","hentry"],"_links":{"self":[{"href":"https:\/\/lucas-scherpereel.com\/en\/wp-json\/wp\/v2\/pages\/173","targetHints":{"allow":["GET"]}}],"collection":[{"href":"https:\/\/lucas-scherpereel.com\/en\/wp-json\/wp\/v2\/pages"}],"about":[{"href":"https:\/\/lucas-scherpereel.com\/en\/wp-json\/wp\/v2\/types\/page"}],"author":[{"embeddable":true,"href":"https:\/\/lucas-scherpereel.com\/en\/wp-json\/wp\/v2\/users\/1"}],"replies":[{"embeddable":true,"href":"https:\/\/lucas-scherpereel.com\/en\/wp-json\/wp\/v2\/comments?post=173"}],"version-history":[{"count":10,"href":"https:\/\/lucas-scherpereel.com\/en\/wp-json\/wp\/v2\/pages\/173\/revisions"}],"predecessor-version":[{"id":1015,"href":"https:\/\/lucas-scherpereel.com\/en\/wp-json\/wp\/v2\/pages\/173\/revisions\/1015"}],"wp:attachment":[{"href":"https:\/\/lucas-scherpereel.com\/en\/wp-json\/wp\/v2\/media?parent=173"}],"curies":[{"name":"wp","href":"https:\/\/api.w.org\/{rel}","templated":true}]}}