{"id":172,"date":"2025-04-13T19:22:29","date_gmt":"2025-04-13T17:22:29","guid":{"rendered":"https:\/\/lucas-scherpereel.com\/?page_id=172"},"modified":"2025-10-03T19:33:20","modified_gmt":"2025-10-03T17:33:20","slug":"dankbare-stimmen","status":"publish","type":"page","link":"https:\/\/lucas-scherpereel.com\/en\/dankbare-stimmen","title":{"rendered":"Grateful voices"},"content":{"rendered":"<section class=\"bde-section-172-136 bde-section\">\n              \n  \n  \n\t\n\n  <div class=\"section-background-overlay\"><\/div>\n\n\n<div class=\"section-container\"><h1 class=\"bde-heading-172-137 bde-heading\">\nGrateful voices\n<\/h1><\/div>\n<\/section><section class=\"bde-section-172-103 bde-section\">\n              \n  \n  \n\t\n\n\n\n<div class=\"section-container\"><div class=\"bde-rich-text-172-138 bde-rich-text breakdance-rich-text-styles\">\n<h2>How healing hands touch lives<\/h2>\n<p>Healing hands can do more than words can describe. Many people have experienced new strength, inner peace and amazing healing through the work of Lucas Scherpereel. On this page, clients share their personal experiences - real voices that show how tangible and lasting the effects of spiritual healing can be.<\/p>\n<\/div><div class=\"bde-advancedslider-172-109 bde-advancedslider\">\n<div class=\"breakdance-swiper-wrapper\" data-swiper-id=\"109\">\n  <div class=\"swiper\">\n    <div class=\"swiper-wrapper\">\n      <div class=\"bde-advancedslide-172-110 bde-advancedslide swiper-slide\"><div class=\"advanced-slider__slide\">\r\n  <div class=\"bde-rich-text-172-102 bde-rich-text breakdance-rich-text-styles\">\n<div class=\"elementor-element elementor-element-63d1c73 elementor-widget elementor-widget-heading\" data-id=\"63d1c73\" data-element_type=\"widget\" data-widget_type=\"heading.default\"><div class=\"elementor-widget-container\"><h2 class=\"elementor-heading-title elementor-size-default\">Happiness in life and a cured cystic kidney<\/h2><\/div><\/div><div class=\"elementor-element elementor-element-bbc7332 elementor-widget elementor-widget-testimonial\" data-id=\"bbc7332\" data-element_type=\"widget\" data-widget_type=\"testimonial.default\"><div class=\"elementor-widget-container\"><div class=\"elementor-testimonial-wrapper\"><div class=\"elementor-testimonial-content\">\"Thanks to your help, I now lead a contented and happy life. Without your help, I wouldn't be alive today... It wasn't just me that you helped at the last minute, but also my grandson R. When he was born 9 years ago, he had to spend weeks in hospital. There were cysts on both kidneys. I asked you for help for him. You cured him. His doctor could not explain his healing. Today he is a healthy boy and a very good pupil.\"<\/div><div class=\"elementor-testimonial-meta elementor-has-image elementor-testimonial-image-position-aside\"><div class=\"elementor-testimonial-meta-inner\"><div class=\"elementor-testimonial-image\">\u00a0<\/div><div class=\"elementor-testimonial-details\"><div class=\"elementor-testimonial-name\">Mrs J.<\/div><div class=\"elementor-testimonial-job\">Rhineland-Palatinate<\/div><\/div><\/div><\/div><\/div><\/div><\/div>\n<\/div>\r\n<\/div><\/div><div class=\"bde-advancedslide-172-120 bde-advancedslide swiper-slide\"><div class=\"advanced-slider__slide\">\r\n  <div class=\"bde-rich-text-172-121 bde-rich-text breakdance-rich-text-styles\">\n<div class=\"elementor-element elementor-element-63d1c73 elementor-widget elementor-widget-heading\" data-id=\"63d1c73\" data-element_type=\"widget\" data-widget_type=\"heading.default\"><div class=\"elementor-widget-container\"><h2>Healing in the intensive care unit<\/h2><p>The head doctor of a hospital told the mother: \"If the pancreas dissolves, your son is gone!\" The pain was unbearable and his condition was no longer visible. He was wired up nine times and anaesthetised with morphine. For two days, I went to the intensive care unit three times a day to meditate. Nobody stopped me, as if I was invisible. On the third day, he was already sitting cross-legged on the bed. Further novenas and meditations were carried out. Nine months after his first visit to the hospital, his son returned to full-time work.<\/p><p><em>Mrs R. W. from Losheim<\/em><\/p><\/div><\/div>\n<\/div>\r\n<\/div><\/div><div class=\"bde-advancedslide-172-122 bde-advancedslide swiper-slide\"><div class=\"advanced-slider__slide\">\r\n  <div class=\"bde-rich-text-172-123 bde-rich-text breakdance-rich-text-styles\">\n<div class=\"elementor-element elementor-element-63d1c73 elementor-widget elementor-widget-heading\" data-id=\"63d1c73\" data-element_type=\"widget\" data-widget_type=\"heading.default\"><div class=\"elementor-widget-container\"><h2>Normal values in HIV patients<\/h2><p>Many years have passed since then, I am doing extremely well and, thanks to your help, I was able to overcome the lowest point in my life. I have gone far beyond what I could have imagined and I will not stop growing. All levels of life were down. I was more or less physically and mentally broken, without hope and faith, materially devastated. I didn't really want to live any more after experiencing so many bad things. Then I was diagnosed with HIV+. Thanks to you, I was able to regain my trust, my hope, my faith and my certainty. All my results are excellent and HIV is no longer detectable.<\/p><p>Mr J. B. from Berlin<\/p><\/div><\/div>\n<\/div>\r\n<\/div><\/div><div class=\"bde-advancedslide-172-124 bde-advancedslide swiper-slide\"><div class=\"advanced-slider__slide\">\r\n  <div class=\"bde-rich-text-172-125 bde-rich-text breakdance-rich-text-styles\">\n<div class=\"elementor-element elementor-element-63d1c73 elementor-widget elementor-widget-heading\" data-id=\"63d1c73\" data-element_type=\"widget\" data-widget_type=\"heading.default\"><div class=\"elementor-widget-container\"><h2>Wish for a child fulfilled<\/h2><p>During a gynaecological examination at a Munich hospital, Mrs S was diagnosed with a cystic growth in her lower abdomen. She desperately wanted to have children. Initially, a laparoscopy was performed with an abscess opening of the right ovary and fallopian tube. At the hospital, they continued to argue in favour of a bilateral removal of the fallopian tubes, which made sense in any case. But Mrs S refused, she insisted on an organ-preserving procedure. And contacted Lucas Scherpereel. After his work, she gave birth to two healthy children.<\/p><p><em>Mrs S. from Bavaria<\/em><\/p><\/div><\/div>\n<\/div>\r\n<\/div><\/div><div class=\"bde-advancedslide-172-126 bde-advancedslide swiper-slide\"><div class=\"advanced-slider__slide\">\r\n  <div class=\"bde-rich-text-172-127 bde-rich-text breakdance-rich-text-styles\">\n<div class=\"elementor-element elementor-element-63d1c73 elementor-widget elementor-widget-heading\" data-id=\"63d1c73\" data-element_type=\"widget\" data-widget_type=\"heading.default\"><div class=\"elementor-widget-container\"><h2>Cancer was diagnosed<\/h2><p>After an operation on his salivary gland, the man from Malm\u00f6, Sweden, only had a life expectancy of six months. Every day while shaving, he saw death approaching and counted down the remaining time. After consulting several doctors in Stockholm, Rome and Paris, the man in Paris was referred to Lucas in Cologne as a last resort. After a s\u00e9ance and ritual, the couple left with a smile. That was over four years ago and he lives without fear and in the best of health. This man has undergone a major change in consciousness.<\/p><p><em>Mrs J. from Rhineland-Palatinate<\/em><\/p><\/div><\/div>\n<\/div>\r\n<\/div><\/div><div class=\"bde-advancedslide-172-128 bde-advancedslide swiper-slide\"><div class=\"advanced-slider__slide\">\r\n  <div class=\"bde-rich-text-172-129 bde-rich-text breakdance-rich-text-styles\">\n<div class=\"elementor-element elementor-element-63d1c73 elementor-widget elementor-widget-heading\" data-id=\"63d1c73\" data-element_type=\"widget\" data-widget_type=\"heading.default\"><div class=\"elementor-widget-container\"><h2>Serious surgery cancelled<\/h2><p>I feel wonderful. My heart is full of gratitude and I feel as if great darkness has been lifted from me, but also from me and my husband, something threatening has gone. I am convinced that the power of your prayer reaches infinitely further than I can measure.<\/p><p><em>Mrs I. N. H. from Hesse<\/em><\/p><\/div><\/div>\n<\/div>\r\n<\/div><\/div><div class=\"bde-advancedslide-172-130 bde-advancedslide swiper-slide\"><div class=\"advanced-slider__slide\">\r\n  <div class=\"bde-rich-text-172-131 bde-rich-text breakdance-rich-text-styles\">\n<div class=\"elementor-element elementor-element-63d1c73 elementor-widget elementor-widget-heading\" data-id=\"63d1c73\" data-element_type=\"widget\" data-widget_type=\"heading.default\"><div class=\"elementor-widget-container\"><h2>Grandma's depression is gone<\/h2><p>Grandma had wanted to stay in bed all day for years. After three days of mental work, she regained her will to live, and on the fifth day she wanted to do some gardening.<\/p><p><em>Mrs E. (daughter) from Hungary<\/em><\/p><\/div><\/div>\n<\/div>\r\n<\/div><\/div><div class=\"bde-advancedslide-172-134 bde-advancedslide swiper-slide\"><div class=\"advanced-slider__slide\">\r\n  <div class=\"bde-rich-text-172-135 bde-rich-text breakdance-rich-text-styles\">\n<div class=\"elementor-element elementor-element-63d1c73 elementor-widget elementor-widget-heading\" data-id=\"63d1c73\" data-element_type=\"widget\" data-widget_type=\"heading.default\"><div class=\"elementor-widget-container\"><h2>Back to life. Lifesaving<\/h2><p>Thank you for giving me life again with the help of God. I realise now that I only had a few months left.<\/p><p><em>Mrs H. from Frankfurt<\/em><\/p><\/div><\/div>\n<\/div>\r\n<\/div><\/div><div class=\"bde-advancedslide-172-132 bde-advancedslide swiper-slide\"><div class=\"advanced-slider__slide\">\r\n  <div class=\"bde-rich-text-172-133 bde-rich-text breakdance-rich-text-styles\">\n<div class=\"elementor-element elementor-element-63d1c73 elementor-widget elementor-widget-heading\" data-id=\"63d1c73\" data-element_type=\"widget\" data-widget_type=\"heading.default\"><div class=\"elementor-widget-container\"><h2>Liberation from a large sect<\/h2><p>You did years of hard work for me so that I could be freed from this cult. I remember how much time and energy it took you. You saved me from this cult. No one was on my side. Only you.<\/p><p><em>Mrs F. N. from D\u00fcsseldorf<\/em><\/p><\/div><\/div>\n<\/div>\r\n<\/div><\/div>\n    <\/div>\n  <\/div>\n\n              <div class=\"swiper-button-prev\">\n            \n        <\/div>\n        <div class=\"swiper-button-next\">\n            \n        <\/div>\n    \n            <div class=\"swiper-pagination\"><\/div>\n    \n<\/div>\n\n<\/div><\/div>\n<\/section>","protected":false},"excerpt":{"rendered":"<p>Dankbare Stimmen Wie heilende H\u00e4nde Leben ber\u00fchren Heilende H\u00e4nde k\u00f6nnen mehr bewirken, als Worte beschreiben. Viele Menschen haben durch die Arbeit von Lucas Scherpereel neue Kraft, innere Ruhe und erstaunliche Heilung erfahren. Auf dieser Seite teilen Klienten ihre pers\u00f6nlichen Erfahrungen \u2013 echte Stimmen, die zeigen, wie sp\u00fcrbar und nachhaltig Geistheilung wirken kann. Lebensgl\u00fcck und geheilte [&hellip;]<\/p>\n","protected":false},"author":1,"featured_media":0,"parent":0,"menu_order":8,"comment_status":"closed","ping_status":"closed","template":"","meta":{"iawp_total_views":687,"_breakdance_hide_in_design_set":false,"_breakdance_tags":"","_joinchat":[],"footnotes":""},"class_list":["post-172","page","type-page","status-publish","hentry"],"_links":{"self":[{"href":"https:\/\/lucas-scherpereel.com\/en\/wp-json\/wp\/v2\/pages\/172","targetHints":{"allow":["GET"]}}],"collection":[{"href":"https:\/\/lucas-scherpereel.com\/en\/wp-json\/wp\/v2\/pages"}],"about":[{"href":"https:\/\/lucas-scherpereel.com\/en\/wp-json\/wp\/v2\/types\/page"}],"author":[{"embeddable":true,"href":"https:\/\/lucas-scherpereel.com\/en\/wp-json\/wp\/v2\/users\/1"}],"replies":[{"embeddable":true,"href":"https:\/\/lucas-scherpereel.com\/en\/wp-json\/wp\/v2\/comments?post=172"}],"version-history":[{"count":10,"href":"https:\/\/lucas-scherpereel.com\/en\/wp-json\/wp\/v2\/pages\/172\/revisions"}],"predecessor-version":[{"id":980,"href":"https:\/\/lucas-scherpereel.com\/en\/wp-json\/wp\/v2\/pages\/172\/revisions\/980"}],"wp:attachment":[{"href":"https:\/\/lucas-scherpereel.com\/en\/wp-json\/wp\/v2\/media?parent=172"}],"curies":[{"name":"wp","href":"https:\/\/api.w.org\/{rel}","templated":true}]}}